{"id":960,"date":"2025-11-18T10:09:26","date_gmt":"2025-11-18T08:09:26","guid":{"rendered":"https:\/\/talenthunters.fi\/?page_id=960"},"modified":"2025-11-18T13:36:49","modified_gmt":"2025-11-18T11:36:49","slug":"yhteistyokumppanit","status":"publish","type":"page","link":"https:\/\/talenthunters.fi\/en\/yhteistyokumppanit\/","title":{"rendered":"Yhteisty\u00f6kumppanit"},"content":{"rendered":"<p>[et_pb_section fb_built=&#8221;1&#8243; custom_padding_last_edited=&#8221;on|phone&#8221; module_id=&#8221;yritys&#8221; _builder_version=&#8221;4.27.3&#8243; custom_padding=&#8221;60px||60px||true|false&#8221; custom_padding_tablet=&#8221;60px||60px||true|false&#8221; custom_padding_phone=&#8221;40px||40px||true|false&#8221; global_colors_info=&#8221;{}&#8221;][et_pb_row _builder_version=&#8221;4.27.4&#8243; _module_preset=&#8221;default&#8221; width_tablet=&#8221;&#8221; width_phone=&#8221;90%&#8221; width_last_edited=&#8221;on|phone&#8221; max_width=&#8221;1500px&#8221; custom_padding=&#8221;||0px||false|false&#8221; global_colors_info=&#8221;{}&#8221;][et_pb_column type=&#8221;4_4&#8243; _builder_version=&#8221;4.27.4&#8243; _module_preset=&#8221;default&#8221; global_colors_info=&#8221;{}&#8221;][et_pb_text admin_label=&#8221;Discover Beatuty Title&#8221; _builder_version=&#8221;4.27.4&#8243; text_font=&#8221;||||&#8221; text_text_color=&#8221;#1a1a1a&#8221; header_font=&#8221;|700||on|||||&#8221; header_text_align=&#8221;left&#8221; header_text_color=&#8221;#000000&#8243; header_font_size=&#8221;60px&#8221; header_line_height=&#8221;1.3em&#8221; header_2_font=&#8221;Nunito|700|||||||&#8221; header_2_text_align=&#8221;left&#8221; header_2_text_color=&#8221;#4F91CD&#8221; header_2_font_size=&#8221;60px&#8221; header_2_line_height=&#8221;1.2em&#8221; custom_margin=&#8221;||10px||false|false&#8221; custom_margin_tablet=&#8221;||||false|false&#8221; custom_margin_phone=&#8221;||10px||false|false&#8221; custom_margin_last_edited=&#8221;on|phone&#8221; animation_direction=&#8221;top&#8221; header_2_font_size_tablet=&#8221;50px&#8221; header_2_font_size_phone=&#8221;33px&#8221; header_2_font_size_last_edited=&#8221;on|phone&#8221; global_colors_info=&#8221;{}&#8221;]<\/p>\n<h2>Yhteisty\u00f6kumppanit<\/h2>\n<p>[\/et_pb_text][et_pb_divider color=&#8221;#494949&#8243; divider_position=&#8221;center&#8221; divider_weight=&#8221;3px&#8221; disabled_on=&#8221;off|off|off&#8221; _builder_version=&#8221;4.20.2&#8243; max_width=&#8221;150px&#8221; height=&#8221;false&#8221; custom_margin=&#8221;0px||20px||false|false&#8221; custom_padding=&#8221;||||false|false&#8221; animation_direction=&#8221;top&#8221; global_colors_info=&#8221;{}&#8221;][\/et_pb_divider][\/et_pb_column][\/et_pb_row][et_pb_row custom_padding_last_edited=&#8221;on|desktop&#8221; _builder_version=&#8221;4.27.4&#8243; width_tablet=&#8221;&#8221; width_phone=&#8221;90%&#8221; width_last_edited=&#8221;on|phone&#8221; max_width=&#8221;1500px&#8221; custom_padding=&#8221;10px||||false|false&#8221; custom_padding_tablet=&#8221;0px||||false|false&#8221; custom_padding_phone=&#8221;0px||||false|false&#8221; custom_css_main_element=&#8221;display: flex;||align-items: center;||flex-wrap: wrap;&#8221; global_colors_info=&#8221;{}&#8221;][et_pb_column type=&#8221;4_4&#8243; _builder_version=&#8221;4.16&#8243; custom_padding=&#8221;|||&#8221; global_colors_info=&#8221;{}&#8221; custom_padding__hover=&#8221;|||&#8221;][et_pb_image src=&#8221;https:\/\/talenthunters.fi\/wp-content\/uploads\/2025\/11\/KNOy-logo-lapinakyva-1-scaled.png&#8221; title_text=&#8221;KNOy logo l\u00e4pin\u00e4kyv\u00e4 (1)&#8221; show_bottom_space=&#8221;off&#8221; align_tablet=&#8221;left&#8221; align_phone=&#8221;center&#8221; align_last_edited=&#8221;on|tablet&#8221; _builder_version=&#8221;4.27.4&#8243; width_tablet=&#8221;300px&#8221; width_phone=&#8221;100%&#8221; width_last_edited=&#8221;off|desktop&#8221; max_width=&#8221;350px&#8221; module_alignment=&#8221;left&#8221; custom_margin=&#8221;0px||0px||false|false&#8221; custom_padding=&#8221;0px||0px||false|false&#8221; animation_direction=&#8221;right&#8221; module_alignment_tablet=&#8221;left&#8221; module_alignment_phone=&#8221;center&#8221; module_alignment_last_edited=&#8221;off|desktop&#8221; animation=&#8221;fade_in&#8221; global_colors_info=&#8221;{}&#8221;][\/et_pb_image][et_pb_text admin_label=&#8221;Discover Beatuty Text&#8221; _builder_version=&#8221;4.27.4&#8243; text_font=&#8221;Inter||||||||&#8221; text_text_color=&#8221;#000000&#8243; text_font_size=&#8221;16px&#8221; text_line_height=&#8221;1.9em&#8221; link_text_color=&#8221;#4f91cd&#8221; custom_padding=&#8221;||||false|false&#8221; animation_direction=&#8221;top&#8221; text_font_size_tablet=&#8221;16px&#8221; text_font_size_phone=&#8221;15px&#8221; text_font_size_last_edited=&#8221;on|phone&#8221; global_colors_info=&#8221;{}&#8221;]<\/p>\n<p>Katja Noponen Oy on valtakunnallinen ty\u00f6el\u00e4m\u00e4valmennustalo. Asiakkainamme on ty\u00f6el\u00e4keyhti\u00f6t\u00e4 ja lukuisa m\u00e4\u00e4r\u00e4 yrityksi\u00e4.<\/p>\n<p><strong>Palvelumme:<\/strong><\/p>\n<ul>\n<li><a href=\"https:\/\/www.katjanoponen.fi\/ammatillinen-kuntoutus\/\">Ammatillinen kuntoutus<\/a>: Autamme tuhansia ty\u00f6kykyhaasteisia ihmisi\u00e4 l\u00f6yt\u00e4m\u00e4\u00e4n uusia ty\u00f6uria ymp\u00e4ri Suomen.<\/li>\n<li><a href=\"https:\/\/www.katjanoponen.fi\/tyokykyjohtaminen\/\">Ty\u00f6kyky- ja tulevaisuuspolku-palvelut<\/a>: L\u00f6yd\u00e4mme mm. ty\u00f6kyky- tai motivaatiohaasteiselle ty\u00f6ntekij\u00e4lle paremmin soveltuvan uuden ty\u00f6n, yleens\u00e4 nykyisen ty\u00f6nantajan ulkopuolelta tai toimimme esimerkiksi inhouse-ty\u00f6kykykoordinaattorina.<\/li>\n<li><a href=\"https:\/\/www.katjanoponen.fi\/muutosturva\/\">Muutosturvapalvelut<\/a>: Autamme ty\u00f6ntekij\u00f6it\u00e4 ty\u00f6llistym\u00e4\u00e4n uusiin t\u00f6ihin muutosneuvottelujen aikana ja tuemme ty\u00f6yhteis\u00f6j\u00e4 uuteen tuottavuuteen sopeutustilanteen j\u00e4lkeen.<\/li>\n<li><a href=\"https:\/\/www.katjanoponen.fi\/tyohyvinvointi\/\">Ty\u00f6hyvinvointipalvelut<\/a>: Autamme ty\u00f6ntekij\u00f6it\u00e4 saavuttamaan parhaan potentiaalinsa esimerkiksi ty\u00f6nohjauksen tai coachingin avulla.<\/li>\n<li><a href=\"https:\/\/www.katjanoponen.fi\/tyoyhteisosovittelu\/\">Ty\u00f6yhteis\u00f6sovittelu ja -valmennus<\/a>: Ratkaisemme ristiriitatilanteita ja valmennamme ty\u00f6yhteis\u00f6j\u00e4 toimimaan paremmin yhdess\u00e4.<\/li>\n<li><a href=\"https:\/\/ai-ajokortti.fi\">Ty\u00f6el\u00e4m\u00e4n nykytaidot, teko\u00e4lyvalmennukset<\/a> verkossa ja liven\u00e4. Valmennamme ty\u00f6yhteis\u00f6j\u00e4 toimimaan paremmin yhdess\u00e4.<\/li>\n<\/ul>\n<p>[\/et_pb_text][\/et_pb_column][\/et_pb_row][\/et_pb_section]<\/p>\n","protected":false},"excerpt":{"rendered":"<p>Yhteisty\u00f6kumppanitKatja Noponen Oy on valtakunnallinen ty\u00f6el\u00e4m\u00e4valmennustalo. Asiakkainamme on ty\u00f6el\u00e4keyhti\u00f6t\u00e4 ja lukuisa m\u00e4\u00e4r\u00e4 yrityksi\u00e4. Palvelumme: Ammatillinen kuntoutus: Autamme tuhansia ty\u00f6kykyhaasteisia ihmisi\u00e4 l\u00f6yt\u00e4m\u00e4\u00e4n uusia ty\u00f6uria ymp\u00e4ri Suomen. Ty\u00f6kyky- ja tulevaisuuspolku-palvelut: L\u00f6yd\u00e4mme mm. ty\u00f6kyky- tai motivaatiohaasteiselle ty\u00f6ntekij\u00e4lle paremmin soveltuvan uuden ty\u00f6n, yleens\u00e4 nykyisen ty\u00f6nantajan ulkopuolelta tai toimimme esimerkiksi inhouse-ty\u00f6kykykoordinaattorina. Muutosturvapalvelut: Autamme ty\u00f6ntekij\u00f6it\u00e4 ty\u00f6llistym\u00e4\u00e4n uusiin t\u00f6ihin muutosneuvottelujen aikana ja [&hellip;]<\/p>\n","protected":false},"author":1,"featured_media":0,"parent":0,"menu_order":0,"comment_status":"closed","ping_status":"closed","template":"","meta":{"_et_pb_use_builder":"on","_et_pb_old_content":"","_et_gb_content_width":"","footnotes":""},"difl_page_category":[],"class_list":["post-960","page","type-page","status-publish","hentry"],"_links":{"self":[{"href":"https:\/\/talenthunters.fi\/en\/wp-json\/wp\/v2\/pages\/960","targetHints":{"allow":["GET"]}}],"collection":[{"href":"https:\/\/talenthunters.fi\/en\/wp-json\/wp\/v2\/pages"}],"about":[{"href":"https:\/\/talenthunters.fi\/en\/wp-json\/wp\/v2\/types\/page"}],"author":[{"embeddable":true,"href":"https:\/\/talenthunters.fi\/en\/wp-json\/wp\/v2\/users\/1"}],"replies":[{"embeddable":true,"href":"https:\/\/talenthunters.fi\/en\/wp-json\/wp\/v2\/comments?post=960"}],"version-history":[{"count":4,"href":"https:\/\/talenthunters.fi\/en\/wp-json\/wp\/v2\/pages\/960\/revisions"}],"predecessor-version":[{"id":973,"href":"https:\/\/talenthunters.fi\/en\/wp-json\/wp\/v2\/pages\/960\/revisions\/973"}],"wp:attachment":[{"href":"https:\/\/talenthunters.fi\/en\/wp-json\/wp\/v2\/media?parent=960"}],"wp:term":[{"taxonomy":"difl_page_category","embeddable":true,"href":"https:\/\/talenthunters.fi\/en\/wp-json\/wp\/v2\/difl_page_category?post=960"}],"curies":[{"name":"wp","href":"https:\/\/api.w.org\/{rel}","templated":true}]}}